
{"id":118,"date":"2022-10-31T10:32:00","date_gmt":"2022-10-31T07:32:00","guid":{"rendered":"http:\/\/dogudent.com\/heb\/?page_id=118"},"modified":"2023-02-18T17:48:43","modified_gmt":"2023-02-18T14:48:43","slug":"%d7%a2%d7%9c%d7%99%d7%a0%d7%95","status":"publish","type":"page","link":"https:\/\/dogudent.com\/heb\/%d7%a2%d7%9c%d7%99%d7%a0%d7%95\/","title":{"rendered":"\u05e2\u05dc\u05d9\u05e0\u05d5"},"content":{"rendered":"\t\t<div data-elementor-type=\"wp-page\" data-elementor-id=\"118\" class=\"elementor elementor-118\">\n\t\t\t\t\t\t\t\t\t<section data-particle_enable=\"false\" data-particle-mobile-disabled=\"false\" class=\"elementor-section elementor-top-section elementor-element elementor-element-1ca6ca6a elementor-section-height-min-height elementor-section-items-bottom elementor-section-boxed elementor-section-height-default\" data-id=\"1ca6ca6a\" data-element_type=\"section\" data-settings=\"{&quot;tmea_parallax_bg_enable&quot;:&quot;yes&quot;,&quot;tmea_parallax_bg_type&quot;:&quot;video&quot;,&quot;tmea_parallax_bg_video&quot;:&quot;https:\\\/\\\/www.youtube.com\\\/watch?v=-bUrU_LegYc&quot;,&quot;tmea_parallax_bg_speed&quot;:0.5,&quot;tmea_parallax_bg_end_time&quot;:0,&quot;tmea_parallax_bg_loop&quot;:&quot;yes&quot;,&quot;tmea_parallax_bg_only_visible&quot;:&quot;yes&quot;,&quot;tmea_shape_divider_top&quot;:&quot;none&quot;,&quot;tmea_shape_divider_bottom&quot;:&quot;none&quot;}\">\n\t\t\t\t\t\t<div class=\"elementor-container elementor-column-gap-no\">\n\t\t\t\t\t<div class=\"elementor-column elementor-col-100 elementor-top-column elementor-element elementor-element-2d99e76\" data-id=\"2d99e76\" data-element_type=\"column\">\n\t\t\t<div class=\"elementor-widget-wrap\">\n\t\t\t\t\t\t\t\t\t<\/div>\n\t\t<\/div>\n\t\t\t\t\t\t\t<\/div>\n\t\t<\/section>\n\t\t\t\t<section data-particle_enable=\"false\" data-particle-mobile-disabled=\"false\" class=\"elementor-section elementor-top-section elementor-element elementor-element-340c9138 elementor-section-boxed elementor-section-height-default elementor-section-height-default\" data-id=\"340c9138\" data-element_type=\"section\" data-settings=\"{&quot;motion_fx_motion_fx_scrolling&quot;:&quot;yes&quot;,&quot;motion_fx_translateY_effect&quot;:&quot;yes&quot;,&quot;motion_fx_translateY_direction&quot;:&quot;negative&quot;,&quot;motion_fx_translateY_affectedRange&quot;:{&quot;unit&quot;:&quot;%&quot;,&quot;size&quot;:&quot;&quot;,&quot;sizes&quot;:{&quot;start&quot;:47,&quot;end&quot;:100}},&quot;animation_mobile&quot;:&quot;fadeIn&quot;,&quot;tmea_shape_divider_top&quot;:&quot;none&quot;,&quot;tmea_shape_divider_bottom&quot;:&quot;none&quot;,&quot;motion_fx_translateY_speed&quot;:{&quot;unit&quot;:&quot;px&quot;,&quot;size&quot;:4,&quot;sizes&quot;:[]},&quot;motion_fx_devices&quot;:[&quot;desktop&quot;,&quot;tablet_extra&quot;,&quot;tablet&quot;,&quot;mobile&quot;]}\">\n\t\t\t\t\t\t<div class=\"elementor-container elementor-column-gap-default\">\n\t\t\t\t\t<div class=\"elementor-column elementor-col-100 elementor-top-column elementor-element elementor-element-60d55c43\" data-id=\"60d55c43\" data-element_type=\"column\">\n\t\t\t<div class=\"elementor-widget-wrap elementor-element-populated\">\n\t\t\t\t\t\t\t\t<div class=\"elementor-element elementor-element-324d822f elementor-widget elementor-widget-heading\" data-id=\"324d822f\" data-element_type=\"widget\" data-widget_type=\"heading.default\">\n\t\t\t\t<div class=\"elementor-widget-container\">\n\t\t\t<style>\/*! elementor - v3.13.3 - 28-05-2023 *\/\n.elementor-heading-title{padding:0;margin:0;line-height:1}.elementor-widget-heading .elementor-heading-title[class*=elementor-size-]>a{color:inherit;font-size:inherit;line-height:inherit}.elementor-widget-heading .elementor-heading-title.elementor-size-small{font-size:15px}.elementor-widget-heading .elementor-heading-title.elementor-size-medium{font-size:19px}.elementor-widget-heading .elementor-heading-title.elementor-size-large{font-size:29px}.elementor-widget-heading .elementor-heading-title.elementor-size-xl{font-size:39px}.elementor-widget-heading .elementor-heading-title.elementor-size-xxl{font-size:59px}<\/style><h2 class=\"elementor-heading-title elementor-size-default\">Do\u011fudent \u05de\u05e8\u05e4\u05d0\u05ea \u05e9\u05d9\u05e0\u05d9\u05d9\u05dd<\/h2>\t\t<\/div>\n\t\t\t\t<\/div>\n\t\t\t\t<div class=\"elementor-element elementor-element-8ee84cb elementor-widget elementor-widget-text-editor\" data-id=\"8ee84cb\" data-element_type=\"widget\" data-widget_type=\"text-editor.default\">\n\t\t\t\t<div class=\"elementor-widget-container\">\n\t\t\t<style>\/*! elementor - v3.13.3 - 28-05-2023 *\/\n.elementor-widget-text-editor.elementor-drop-cap-view-stacked .elementor-drop-cap{background-color:#69727d;color:#fff}.elementor-widget-text-editor.elementor-drop-cap-view-framed .elementor-drop-cap{color:#69727d;border:3px solid;background-color:transparent}.elementor-widget-text-editor:not(.elementor-drop-cap-view-default) .elementor-drop-cap{margin-top:8px}.elementor-widget-text-editor:not(.elementor-drop-cap-view-default) .elementor-drop-cap-letter{width:1em;height:1em}.elementor-widget-text-editor .elementor-drop-cap{float:right;text-align:center;line-height:1;font-size:50px}.elementor-widget-text-editor .elementor-drop-cap-letter{display:inline-block}<\/style>\t\t\t\t<p>\u05d1\u05e9\u05e0\u05ea 2007, \u05de\u05d5\u05de\u05d7\u05d4 Dr.Dt. \u05d4\u05d5\u05e7\u05de\u05d4 \u05e2\u05dc \u05d9\u05d3\u05d9 Do\u011fuhan Ta\u015fc\u0131, Do\u011fuDent \u05de\u05e9\u05e8\u05ea\u05ea \u05d1\u05de\u05e8\u05e4\u05d0\u05d4 \u05d4\u05d7\u05d3\u05e9\u05d4 \u05e9\u05dc\u05d4 \u05d1\u05e9\u05e0\u05ea 2014 \u05e2\u05dd \u05e6\u05d5\u05d5\u05ea \u05d4\u05e8\u05d5\u05e4\u05d0\u05d9\u05dd \u05d4\u05de\u05d5\u05de\u05d7\u05d9\u05dd \u05e9\u05dc\u05d4 \u05d1\u05db\u05dc \u05e2\u05e0\u05e4\u05d9 \u05d1\u05e8\u05d9\u05d0\u05d5\u05ea \u05d4\u05e4\u05d4 \u05d5\u05d4\u05e9\u05d9\u05e0\u05d9\u05d9\u05dd \u05d1\u05de\u05e8\u05db\u05d6 \u05d4\u05de\u05e8\u05e4\u05d0\u05d4 \u05dc\u05d1\u05e8\u05d9\u05d0\u05d5\u05ea \u05d4\u05e4\u05d4 \u05d5\u05d4\u05e9\u05d9\u05e0\u05d9\u05d9\u05dd \u05d4\u05de\u05e6\u05d5\u05d9\u05d3\u05ea \u05d1\u05d8\u05db\u05e0\u05d5\u05dc\u05d5\u05d2\u05d9\u05d4 \u05de\u05d5\u05d3\u05e8\u05e0\u05d9\u05ea.<\/p><p>\u05d0\u05e0\u05d5 \u05d2\u05d0\u05d9\u05dd \u05dc\u05d4\u05e6\u05d9\u05e2 \u05d8\u05d9\u05e4\u05d5\u05dc\u05d9 \u05e4\u05d4 \u05d5\u05e9\u05d9\u05e0\u05d9\u05d9\u05dd \u05d0\u05d9\u05db\u05d5\u05ea\u05d9\u05d9\u05dd \u05dc\u05de\u05d8\u05d5\u05e4\u05dc\u05d9\u05e0\u05d5 \u05e2\u05dc \u05d9\u05d3\u05d9 \u05e9\u05d9\u05de\u05d5\u05e9 \u05d1\u05db\u05dc \u05d4\u05d0\u05e4\u05e9\u05e8\u05d5\u05d9\u05d5\u05ea \u05e9\u05dc \u05e8\u05e4\u05d5\u05d0\u05ea \u05d4\u05e9\u05d9\u05e0\u05d9\u05d9\u05dd \u05d4\u05de\u05d5\u05d3\u05e8\u05e0\u05d9\u05ea, \u05de\u05ea\u05df \u05d0\u05d1\u05d7\u05d5\u05df \u05d5\u05d8\u05d9\u05e4\u05d5\u05dc \u05d1\u05de\u05d7\u05dc\u05d5\u05ea \u05e4\u05d4 \u05d5\u05e9\u05d9\u05e0\u05d9\u05d9\u05dd \u05d1\u05e6\u05d5\u05e8\u05d4 \u05d4\u05d8\u05d5\u05d1\u05d4 \u05d1\u05d9\u05d5\u05ea\u05e8, \u05dc\u05dc\u05d0 \u05e4\u05d2\u05d9\u05e2\u05d4 \u05d1\u05e2\u05e7\u05e8\u05d5\u05e0\u05d5\u05ea \u05d4\u05d0\u05ea\u05d9\u05d9\u05dd \u05d5\u05db\u05d9\u05d1\u05d5\u05d3 \u05d6\u05db\u05d5\u05d9\u05d5\u05ea \u05d4\u05de\u05d8\u05d5\u05e4\u05dc.<\/p><p>\u05d1\u05ea\u05d5\u05e8 Do\u011fuDent, \u05e9\u05de\u05de\u05e9\u05d9\u05db\u05d4 \u05d1\u05d3\u05e8\u05db\u05d4 \u05e2\u05dd \u05d4\u05de\u05d5\u05d3\u05e2\u05d5\u05ea \u05e9\u05d1\u05e8\u05d9\u05d0\u05d5\u05ea \u05d4\u05d9\u05d0 \u05d4\u05e2\u05d5\u05e9\u05e8 \u05d4\u05d2\u05d3\u05d5\u05dc \u05d1\u05d9\u05d5\u05ea\u05e8 \u05d1\u05d7\u05d9\u05d9\u05dd, \u05d4\u05de\u05d8\u05e8\u05d4 \u05e9\u05dc\u05e0\u05d5 \u05d4\u05d9\u05d0 \u05dc\u05d4\u05e6\u05dc\u05d9\u05d7 \u05dc\u05d0 \u05e8\u05e7 \u05db\u05de\u05e8\u05e4\u05d0\u05d4 \u05e9\u05de\u05d5\u05e6\u05d0\u05ea \u05e4\u05ea\u05e8\u05d5\u05e0\u05d5\u05ea \u05dc\u05d1\u05e2\u05d9\u05d5\u05ea \u05e9\u05d9\u05e0\u05d9\u05d9\u05dd \u05de\u05d9\u05d9\u05d3\u05d9\u05d5\u05ea, \u05d0\u05dc\u05d0 \u05d2\u05dd \u05dc\u05d4\u05d9\u05d5\u05ea \u05de\u05e8\u05e4\u05d0\u05d4 \u05e9\u05ea\u05d4\u05d9\u05d4 \u05d0\u05d9\u05ea\u05da \u05db\u05dc \u05e6\u05e8\u05db\u05d9 \u05d1\u05e8\u05d9\u05d0\u05d5\u05ea \u05d4\u05e4\u05d4 \u05d5\u05d4\u05e9\u05d9\u05e0\u05d9\u05d9\u05dd \u05e9\u05dc\u05da \u05e2\u05dd \u05db\u05dc \u05d4\u05de\u05e9\u05e4\u05d7\u05d4 \u05e9\u05dc\u05da \u05dc\u05db\u05dc \u05d4\u05d7\u05d9\u05d9\u05dd.<\/p>\t\t\t\t\t\t<\/div>\n\t\t\t\t<\/div>\n\t\t\t\t\t<\/div>\n\t\t<\/div>\n\t\t\t\t\t\t\t<\/div>\n\t\t<\/section>\n\t\t\t\t<section data-particle_enable=\"false\" data-particle-mobile-disabled=\"false\" class=\"elementor-section elementor-top-section elementor-element elementor-element-78c0ecfe elementor-section-full_width elementor-section-height-min-height elementor-section-height-default elementor-section-items-middle\" data-id=\"78c0ecfe\" data-element_type=\"section\" data-settings=\"{&quot;background_background&quot;:&quot;classic&quot;,&quot;motion_fx_motion_fx_scrolling&quot;:&quot;yes&quot;,&quot;motion_fx_translateY_effect&quot;:&quot;yes&quot;,&quot;tmea_shape_divider_top&quot;:&quot;none&quot;,&quot;tmea_shape_divider_bottom&quot;:&quot;none&quot;,&quot;motion_fx_translateY_speed&quot;:{&quot;unit&quot;:&quot;px&quot;,&quot;size&quot;:4,&quot;sizes&quot;:[]},&quot;motion_fx_translateY_affectedRange&quot;:{&quot;unit&quot;:&quot;%&quot;,&quot;size&quot;:&quot;&quot;,&quot;sizes&quot;:{&quot;start&quot;:0,&quot;end&quot;:100}},&quot;motion_fx_devices&quot;:[&quot;desktop&quot;,&quot;tablet_extra&quot;,&quot;tablet&quot;,&quot;mobile&quot;]}\">\n\t\t\t\t\t\t<div class=\"elementor-container elementor-column-gap-wider\">\n\t\t\t\t\t<div class=\"elementor-column elementor-col-50 elementor-top-column elementor-element elementor-element-5ffbd00\" data-id=\"5ffbd00\" data-element_type=\"column\" data-settings=\"{&quot;background_background&quot;:&quot;classic&quot;}\">\n\t\t\t<div class=\"elementor-widget-wrap elementor-element-populated\">\n\t\t\t\t\t\t\t\t<div class=\"elementor-element elementor-element-7daa0fc elementor-arrows-position-inside elementor-widget elementor-widget-image-carousel\" data-id=\"7daa0fc\" data-element_type=\"widget\" data-settings=\"{&quot;slides_to_show&quot;:&quot;1&quot;,&quot;navigation&quot;:&quot;arrows&quot;,&quot;autoplay&quot;:&quot;yes&quot;,&quot;pause_on_hover&quot;:&quot;yes&quot;,&quot;pause_on_interaction&quot;:&quot;yes&quot;,&quot;autoplay_speed&quot;:5000,&quot;infinite&quot;:&quot;yes&quot;,&quot;effect&quot;:&quot;slide&quot;,&quot;speed&quot;:500}\" data-widget_type=\"image-carousel.default\">\n\t\t\t\t<div class=\"elementor-widget-container\">\n\t\t\t<style>\/*! elementor - v3.13.3 - 28-05-2023 *\/\n.elementor-widget-image-carousel .swiper,.elementor-widget-image-carousel .swiper-container{position:static}.elementor-widget-image-carousel .swiper-container .swiper-slide figure,.elementor-widget-image-carousel .swiper .swiper-slide figure{line-height:inherit}.elementor-widget-image-carousel .swiper-slide{text-align:center}.elementor-image-carousel-wrapper:not(.swiper-container-initialized):not(.swiper-initialized) .swiper-slide{max-width:calc(100% \/ var(--e-image-carousel-slides-to-show, 3))}<\/style>\t\t<div class=\"elementor-image-carousel-wrapper swiper-container\" dir=\"ltr\">\n\t\t\t<div class=\"elementor-image-carousel swiper-wrapper swiper-image-stretch\">\n\t\t\t\t\t\t\t\t<div class=\"swiper-slide\"><figure class=\"swiper-slide-inner\"><img decoding=\"async\" class=\"swiper-slide-image\" src=\"https:\/\/dogudent.com\/heb\/wp-content\/uploads\/2023\/01\/Dental-clinic-in-istanbul-i1.jpg\" alt=\"Dental clinic in istanbul-i1\" \/><\/figure><\/div><div class=\"swiper-slide\"><figure class=\"swiper-slide-inner\"><img decoding=\"async\" class=\"swiper-slide-image\" src=\"https:\/\/dogudent.com\/heb\/wp-content\/uploads\/2023\/01\/Dental-clinic-in-istanbul-i7.jpg\" alt=\"Dental clinic in istanbul-i7\" \/><\/figure><\/div><div class=\"swiper-slide\"><figure class=\"swiper-slide-inner\"><img decoding=\"async\" class=\"swiper-slide-image\" src=\"https:\/\/dogudent.com\/heb\/wp-content\/uploads\/2023\/01\/Dental-clinic-in-istanbul-i4.jpg\" alt=\"Dental clinic in istanbul-i4\" \/><\/figure><\/div><div class=\"swiper-slide\"><figure class=\"swiper-slide-inner\"><img decoding=\"async\" class=\"swiper-slide-image\" src=\"https:\/\/dogudent.com\/heb\/wp-content\/uploads\/2023\/01\/Dental-clinic-in-istanbul-i5.jpg\" alt=\"Dental clinic in istanbul-i5\" \/><\/figure><\/div><div class=\"swiper-slide\"><figure class=\"swiper-slide-inner\"><img decoding=\"async\" class=\"swiper-slide-image\" src=\"https:\/\/dogudent.com\/heb\/wp-content\/uploads\/2023\/01\/Dental-clinic-in-istanbul-i6.jpg\" alt=\"Dental clinic in istanbul-i6\" \/><\/figure><\/div><div class=\"swiper-slide\"><figure class=\"swiper-slide-inner\"><img decoding=\"async\" class=\"swiper-slide-image\" src=\"https:\/\/dogudent.com\/heb\/wp-content\/uploads\/2023\/01\/Dental-clinic-in-istanbul-i3.jpg\" alt=\"Dental clinic in istanbul-i3\" \/><\/figure><\/div><div class=\"swiper-slide\"><figure class=\"swiper-slide-inner\"><img decoding=\"async\" class=\"swiper-slide-image\" src=\"https:\/\/dogudent.com\/heb\/wp-content\/uploads\/2023\/01\/Dental-clinic-in-istanbul-i2.jpg\" alt=\"Dental clinic in istanbul-i2\" \/><\/figure><\/div>\t\t\t<\/div>\n\t\t\t\t\t\t\t\t\t\t\t\t\t\t\t\t<div class=\"elementor-swiper-button elementor-swiper-button-prev\" role=\"button\" tabindex=\"0\">\n\t\t\t\t\t\t<i aria-hidden=\"true\" class=\"eicon-chevron-left\"><\/i>\t\t\t\t\t\t<span class=\"elementor-screen-only\">\u05d4\u05ea\u05de\u05d5\u05e0\u05d4 \u05d4\u05e7\u05d5\u05d3\u05de\u05ea<\/span>\n\t\t\t\t\t<\/div>\n\t\t\t\t\t<div class=\"elementor-swiper-button elementor-swiper-button-next\" role=\"button\" tabindex=\"0\">\n\t\t\t\t\t\t<i aria-hidden=\"true\" class=\"eicon-chevron-right\"><\/i>\t\t\t\t\t\t<span class=\"elementor-screen-only\">\u05ea\u05de\u05d5\u05e0\u05d4 \u05d4\u05d1\u05d0\u05d4<\/span>\n\t\t\t\t\t<\/div>\n\t\t\t\t\t\t\t\t\t<\/div>\n\t\t\t\t<\/div>\n\t\t\t\t<\/div>\n\t\t\t\t\t<\/div>\n\t\t<\/div>\n\t\t\t\t<div class=\"elementor-column elementor-col-50 elementor-top-column elementor-element elementor-element-107536c\" data-id=\"107536c\" data-element_type=\"column\" data-settings=\"{&quot;background_background&quot;:&quot;classic&quot;}\">\n\t\t\t<div class=\"elementor-widget-wrap elementor-element-populated\">\n\t\t\t\t\t\t\t\t<div class=\"elementor-element elementor-element-74b64a3 elementor-widget elementor-widget-heading\" data-id=\"74b64a3\" data-element_type=\"widget\" data-widget_type=\"heading.default\">\n\t\t\t\t<div class=\"elementor-widget-container\">\n\t\t\t<h2 class=\"elementor-heading-title elementor-size-default\">Do\u011fudent \u05de\u05e8\u05e4\u05d0\u05ea \u05e9\u05d9\u05e0\u05d9\u05d9\u05dd<\/h2>\t\t<\/div>\n\t\t\t\t<\/div>\n\t\t\t\t<div class=\"elementor-element elementor-element-1964dc07 elementor-widget elementor-widget-text-editor\" data-id=\"1964dc07\" data-element_type=\"widget\" data-widget_type=\"text-editor.default\">\n\t\t\t\t<div class=\"elementor-widget-container\">\n\t\t\t\t\t\t\t<p>Do\u011fuDent \u05de\u05de\u05e9\u05d9\u05db\u05d4 \u05dc\u05e4\u05e2\u05d5\u05dc \u05dc\u05de\u05e2\u05df \u05d4\u05de\u05d8\u05e8\u05d4 \u05dc\u05d4\u05e4\u05d5\u05da \u05dc\u05d0\u05d7\u05ea \u05d4\u05de\u05e8\u05e4\u05d0\u05d5\u05ea \u05d4\u05d9\u05d3\u05d5\u05e2\u05d5\u05ea \u05d1\u05d9\u05d5\u05ea\u05e8 \u05dc\u05d1\u05e8\u05d9\u05d0\u05d5\u05ea \u05d4\u05e4\u05d4 \u05d5\u05d4\u05e9\u05d9\u05e0\u05d9\u05d9\u05dd \u05d1\u05d8\u05d5\u05e8\u05e7\u05d9\u05d4 \u05d5\u05d1\u05e2\u05d5\u05dc\u05dd, \u05e2\u05dc \u05d9\u05d3\u05d9 \u05e9\u05d0\u05d9\u05e4\u05d4 \u05dc\u05e1\u05e4\u05e7 \u05d1\u05e8\u05d9\u05d0\u05d5\u05ea \u05de\u05d5\u05d7\u05dc\u05d8\u05ea \u05e2\u05dd \u05db\u05dc \u05e9\u05d9\u05d8\u05d5\u05ea \u05d4\u05d8\u05d9\u05e4\u05d5\u05dc \u05d4\u05de\u05d5\u05d3\u05e8\u05e0\u05d9\u05d5\u05ea, \u05de\u05e6\u05d3 \u05e9\u05e0\u05d9, \u05e2\u05dc \u05d9\u05d3\u05d9 \u05d4\u05e8\u05d7\u05d1\u05ea \u05e6\u05d5\u05d5\u05ea \u05d4\u05e8\u05d5\u05e4\u05d0\u05d9\u05dd \u05d4\u05de\u05d5\u05de\u05d7\u05d9\u05dd \u05e9\u05dc\u05d4. \u05d9\u05d5\u05dd \u05d0\u05d7\u05e8 \u05d9\u05d5\u05dd.<\/p>\t\t\t\t\t\t<\/div>\n\t\t\t\t<\/div>\n\t\t\t\t\t<\/div>\n\t\t<\/div>\n\t\t\t\t\t\t\t<\/div>\n\t\t<\/section>\n\t\t\t\t\t\t\t<\/div>\n\t\t","protected":false},"excerpt":{"rendered":"<p>Do\u011fudent \u05de\u05e8\u05e4\u05d0\u05ea \u05e9\u05d9\u05e0\u05d9\u05d9\u05dd \u05d1\u05e9\u05e0\u05ea 2007, \u05de\u05d5\u05de\u05d7\u05d4 Dr.Dt. \u05d4\u05d5\u05e7\u05de\u05d4 \u05e2\u05dc \u05d9\u05d3\u05d9 Do\u011fuhan Ta\u015fc\u0131, Do\u011fuDent \u05de\u05e9\u05e8\u05ea\u05ea \u05d1\u05de\u05e8\u05e4\u05d0\u05d4 \u05d4\u05d7\u05d3\u05e9\u05d4 \u05e9\u05dc\u05d4 \u05d1\u05e9\u05e0\u05ea 2014 \u05e2\u05dd \u05e6\u05d5\u05d5\u05ea \u05d4\u05e8\u05d5\u05e4\u05d0\u05d9\u05dd \u05d4\u05de\u05d5\u05de\u05d7\u05d9\u05dd \u05e9\u05dc\u05d4 \u05d1\u05db\u05dc \u05e2\u05e0\u05e4\u05d9 \u05d1\u05e8\u05d9\u05d0\u05d5\u05ea \u05d4\u05e4\u05d4 \u05d5\u05d4\u05e9\u05d9\u05e0\u05d9\u05d9\u05dd \u05d1\u05de\u05e8\u05db\u05d6 \u05d4\u05de\u05e8\u05e4\u05d0\u05d4 \u05dc\u05d1\u05e8\u05d9\u05d0\u05d5\u05ea \u05d4\u05e4\u05d4 \u05d5\u05d4\u05e9\u05d9\u05e0\u05d9\u05d9\u05dd \u05d4\u05de\u05e6\u05d5\u05d9\u05d3\u05ea \u05d1\u05d8\u05db\u05e0\u05d5\u05dc\u05d5\u05d2\u05d9\u05d4 \u05de\u05d5\u05d3\u05e8\u05e0\u05d9\u05ea. \u05d0\u05e0\u05d5 \u05d2\u05d0\u05d9\u05dd \u05dc\u05d4\u05e6\u05d9\u05e2 \u05d8\u05d9\u05e4\u05d5\u05dc\u05d9 \u05e4\u05d4 \u05d5\u05e9\u05d9\u05e0\u05d9\u05d9\u05dd \u05d0\u05d9\u05db\u05d5\u05ea\u05d9\u05d9\u05dd \u05dc\u05de\u05d8\u05d5\u05e4\u05dc\u05d9\u05e0\u05d5 \u05e2\u05dc \u05d9\u05d3\u05d9 \u05e9\u05d9\u05de\u05d5\u05e9 \u05d1\u05db\u05dc \u05d4\u05d0\u05e4\u05e9\u05e8\u05d5\u05d9\u05d5\u05ea \u05e9\u05dc \u05e8\u05e4\u05d5\u05d0\u05ea \u05d4\u05e9\u05d9\u05e0\u05d9\u05d9\u05dd \u05d4\u05de\u05d5\u05d3\u05e8\u05e0\u05d9\u05ea, \u05de\u05ea\u05df [&hellip;]<\/p>\n","protected":false},"author":1,"featured_media":0,"parent":0,"menu_order":0,"comment_status":"closed","ping_status":"closed","template":"","meta":{"footnotes":""},"class_list":["post-118","page","type-page","status-publish","hentry"],"_links":{"self":[{"href":"https:\/\/dogudent.com\/heb\/wp-json\/wp\/v2\/pages\/118","targetHints":{"allow":["GET"]}}],"collection":[{"href":"https:\/\/dogudent.com\/heb\/wp-json\/wp\/v2\/pages"}],"about":[{"href":"https:\/\/dogudent.com\/heb\/wp-json\/wp\/v2\/types\/page"}],"author":[{"embeddable":true,"href":"https:\/\/dogudent.com\/heb\/wp-json\/wp\/v2\/users\/1"}],"replies":[{"embeddable":true,"href":"https:\/\/dogudent.com\/heb\/wp-json\/wp\/v2\/comments?post=118"}],"version-history":[{"count":0,"href":"https:\/\/dogudent.com\/heb\/wp-json\/wp\/v2\/pages\/118\/revisions"}],"wp:attachment":[{"href":"https:\/\/dogudent.com\/heb\/wp-json\/wp\/v2\/media?parent=118"}],"curies":[{"name":"wp","href":"https:\/\/api.w.org\/{rel}","templated":true}]}}