
{"id":415,"date":"2022-11-02T11:27:36","date_gmt":"2022-11-02T08:27:36","guid":{"rendered":"http:\/\/dogudent.com\/ru\/?page_id=415"},"modified":"2025-07-18T15:42:54","modified_gmt":"2025-07-18T12:42:54","slug":"%d0%ba%d0%be%d0%bc%d0%b0%d0%bd%d0%b4%d0%b0","status":"publish","type":"page","link":"https:\/\/dogudent.com\/ru\/%d0%ba%d0%be%d0%bc%d0%b0%d0%bd%d0%b4%d0%b0\/","title":{"rendered":"\u043a\u043e\u043c\u0430\u043d\u0434\u0430"},"content":{"rendered":"\t\t<div data-elementor-type=\"wp-page\" data-elementor-id=\"415\" class=\"elementor elementor-415\">\n\t\t\t\t\t\t\t\t\t<section data-particle_enable=\"false\" data-particle-mobile-disabled=\"false\" class=\"elementor-section elementor-top-section elementor-element elementor-element-5c074d4d elementor-section-boxed elementor-section-height-default elementor-section-height-default\" data-id=\"5c074d4d\" data-element_type=\"section\" data-settings=\"{&quot;background_background&quot;:&quot;classic&quot;,&quot;tmea_shape_divider_top&quot;:&quot;none&quot;,&quot;tmea_shape_divider_bottom&quot;:&quot;none&quot;}\">\n\t\t\t\t\t\t<div class=\"elementor-container elementor-column-gap-default\">\n\t\t\t\t\t<div class=\"elementor-column elementor-col-33 elementor-top-column elementor-element elementor-element-2316b249\" data-id=\"2316b249\" data-element_type=\"column\">\n\t\t\t<div class=\"elementor-widget-wrap elementor-element-populated\">\n\t\t\t\t\t\t\t\t<div data-ep-wrapper-link=\"{&quot;url&quot;:&quot;http:\\\/\\\/dogudent.com\\\/ru\\\/uzm-dr-doguhan-tasci\\\/&quot;,&quot;is_external&quot;:&quot;&quot;,&quot;nofollow&quot;:&quot;&quot;,&quot;custom_attributes&quot;:&quot;&quot;}\" style=\"cursor: pointer\" class=\"bdt-element-link elementor-element elementor-element-7240ba07 elementor-widget elementor-widget-bdt-member\" data-id=\"7240ba07\" data-element_type=\"widget\" data-widget_type=\"bdt-member.bdt-calm\">\n\t\t\t\t<div class=\"elementor-widget-container\">\n\t\t\t\t\t<div class=\"bdt-member bdt-member-skin-calm bdt-transition-toggle bdt-inline bdt-image-mask\">\n\t\t\n\t\t\t\t<div class=\"bdt-member-photo-wrapper\">\n\n\t\t\t\t\t\n\t\t\t\t\t<div class=\"bdt-member-photo\">\n\t\t\t\t\t\t<div class=\"\">\n\t\t\t\t\t\t\t<img decoding=\"async\" src=\"https:\/\/dogudent.com\/ru\/wp-content\/uploads\/2023\/04\/Uzm.-Dr.-Doguhan-TASCI-1.jpg\" title=\"Uzm.-Dr.-Doguhan-TASCI.jpg\" alt=\"Uzm.-Dr.-Doguhan-TASCI.jpg\" loading=\"lazy\" \/>\t\t\t\t\t\t<\/div>\n\t\t\t\t\t<\/div>\n\n\t\t\t\t<\/div>\n\n\t\t\t\n\t\t\t<div class=\"bdt-member-overlay bdt-overlay bdt-position-bottom bdt-text-center\">\n\t\t\t\t<div class=\"bdt-member-desc\">\n\t\t\t\t\t<div class=\"bdt-member-description bdt-transition-slide-bottom-small\">\n\t\t\t\t\t\t\t\t\t\t\t\t\t<span class=\"bdt-member-name\">Uzm. Dr. Do\u011fuhan TA\u015eCI<\/span>\n\t\t\t\t\t\t\n\t\t\t\t\t\t\t\t\t\t\t\t\t<span class=\"bdt-member-role\">\u0421\u0422\u041e\u041c\u0410\u0422\u041e\u041b\u041e\u0413-\u0425\u0418\u0420\u0423\u0420\u0413<\/span>\n\t\t\t\t\t\t\t\t\t\t\t<\/div>\n\t\t\t\t\t\n\t\t\t\t\t\t\t\t\t\t\n\t\t\t\t<\/div>\n\t\t\t<\/div>\t\t\t\n\t\t<\/div>\n\t\t\t\t<\/div>\n\t\t\t\t<\/div>\n\t\t\t\t\t<\/div>\n\t\t<\/div>\n\t\t\t\t<div class=\"elementor-column elementor-col-33 elementor-top-column elementor-element elementor-element-299cdf3e\" data-id=\"299cdf3e\" data-element_type=\"column\">\n\t\t\t<div class=\"elementor-widget-wrap elementor-element-populated\">\n\t\t\t\t\t\t\t\t<div data-ep-wrapper-link=\"{&quot;url&quot;:&quot;http:\\\/\\\/dogudent.com\\\/ru\\\/dt-mehtap-karakaya\\\/&quot;,&quot;is_external&quot;:&quot;&quot;,&quot;nofollow&quot;:&quot;&quot;,&quot;custom_attributes&quot;:&quot;&quot;}\" style=\"cursor: pointer\" class=\"bdt-element-link elementor-element elementor-element-5ff45ee2 elementor-widget elementor-widget-bdt-member\" data-id=\"5ff45ee2\" data-element_type=\"widget\" data-widget_type=\"bdt-member.bdt-calm\">\n\t\t\t\t<div class=\"elementor-widget-container\">\n\t\t\t\t\t<div class=\"bdt-member bdt-member-skin-calm bdt-transition-toggle bdt-inline bdt-image-mask\">\n\t\t\n\t\t\t\t<div class=\"bdt-member-photo-wrapper\">\n\n\t\t\t\t\t\n\t\t\t\t\t<div class=\"bdt-member-photo\">\n\t\t\t\t\t\t<div class=\"\">\n\t\t\t\t\t\t\t<img decoding=\"async\" src=\"https:\/\/dogudent.com\/ru\/wp-content\/uploads\/2023\/04\/Dt.-Mehtap-KARAKAYA-1.jpg\" title=\"Dt.-Mehtap-KARAKAYA.jpg\" alt=\"Dt.-Mehtap-KARAKAYA.jpg\" loading=\"lazy\" \/>\t\t\t\t\t\t<\/div>\n\t\t\t\t\t<\/div>\n\n\t\t\t\t<\/div>\n\n\t\t\t\n\t\t\t<div class=\"bdt-member-overlay bdt-overlay bdt-position-bottom bdt-text-center\">\n\t\t\t\t<div class=\"bdt-member-desc\">\n\t\t\t\t\t<div class=\"bdt-member-description bdt-transition-slide-bottom-small\">\n\t\t\t\t\t\t\t\t\t\t\t\t\t<span class=\"bdt-member-name\">Dt. Mehtap KARAKAYA<\/span>\n\t\t\t\t\t\t\n\t\t\t\t\t\t\t\t\t\t\t\t\t<span class=\"bdt-member-role\">\u0414\u0410\u041d\u0422\u0418\u0421\u0422<\/span>\n\t\t\t\t\t\t\t\t\t\t\t<\/div>\n\t\t\t\t\t\n\t\t\t\t\t\t\t\t\t\t\n\t\t\t\t<\/div>\n\t\t\t<\/div>\t\t\t\n\t\t<\/div>\n\t\t\t\t<\/div>\n\t\t\t\t<\/div>\n\t\t\t\t\t<\/div>\n\t\t<\/div>\n\t\t\t\t<div class=\"elementor-column elementor-col-33 elementor-top-column elementor-element elementor-element-6e256cbb\" data-id=\"6e256cbb\" data-element_type=\"column\">\n\t\t\t<div class=\"elementor-widget-wrap elementor-element-populated\">\n\t\t\t\t\t\t\t\t<div data-ep-wrapper-link=\"{&quot;url&quot;:&quot;http:\\\/\\\/dogudent.com\\\/ru\\\/dr-dt-simay-aydemir-batirer\\\/&quot;,&quot;is_external&quot;:&quot;&quot;,&quot;nofollow&quot;:&quot;&quot;,&quot;custom_attributes&quot;:&quot;&quot;}\" style=\"cursor: pointer\" class=\"bdt-element-link elementor-element elementor-element-2f80beca elementor-widget elementor-widget-bdt-member\" data-id=\"2f80beca\" data-element_type=\"widget\" data-widget_type=\"bdt-member.bdt-calm\">\n\t\t\t\t<div class=\"elementor-widget-container\">\n\t\t\t\t\t<div class=\"bdt-member bdt-member-skin-calm bdt-transition-toggle bdt-inline bdt-image-mask\">\n\t\t\n\t\t\t\t<div class=\"bdt-member-photo-wrapper\">\n\n\t\t\t\t\t\n\t\t\t\t\t<div class=\"bdt-member-photo\">\n\t\t\t\t\t\t<div class=\"\">\n\t\t\t\t\t\t\t<img decoding=\"async\" src=\"https:\/\/dogudent.com\/ru\/wp-content\/uploads\/2023\/04\/Dr.-Dt.-Simay-AYDEMIR-BATIRER-1.jpg\" title=\"Dr.-Dt.-Simay-AYDEMIR-BATIRER.jpg\" alt=\"Dr.-Dt.-Simay-AYDEMIR-BATIRER.jpg\" loading=\"lazy\" \/>\t\t\t\t\t\t<\/div>\n\t\t\t\t\t<\/div>\n\n\t\t\t\t<\/div>\n\n\t\t\t\n\t\t\t<div class=\"bdt-member-overlay bdt-overlay bdt-position-bottom bdt-text-center\">\n\t\t\t\t<div class=\"bdt-member-desc\">\n\t\t\t\t\t<div class=\"bdt-member-description bdt-transition-slide-bottom-small\">\n\t\t\t\t\t\t\t\t\t\t\t\t\t<span class=\"bdt-member-name\">Dr. Dt. Simay AYDEM\u0130R BATIRER<\/span>\n\t\t\t\t\t\t\n\t\t\t\t\t\t\t\t\t\t\t\t\t<span class=\"bdt-member-role\">\u0414\u0410\u041d\u0422\u0418\u0421\u0422<\/span>\n\t\t\t\t\t\t\t\t\t\t\t<\/div>\n\t\t\t\t\t\n\t\t\t\t\t\t\t\t\t\t\n\t\t\t\t<\/div>\n\t\t\t<\/div>\t\t\t\n\t\t<\/div>\n\t\t\t\t<\/div>\n\t\t\t\t<\/div>\n\t\t\t\t\t<\/div>\n\t\t<\/div>\n\t\t\t\t\t\t\t<\/div>\n\t\t<\/section>\n\t\t\t\t<section data-particle_enable=\"false\" data-particle-mobile-disabled=\"false\" class=\"elementor-section elementor-top-section elementor-element elementor-element-6a8fafd elementor-section-boxed elementor-section-height-default elementor-section-height-default\" data-id=\"6a8fafd\" data-element_type=\"section\" data-settings=\"{&quot;tmea_shape_divider_top&quot;:&quot;none&quot;,&quot;tmea_shape_divider_bottom&quot;:&quot;none&quot;}\">\n\t\t\t\t\t\t<div class=\"elementor-container elementor-column-gap-default\">\n\t\t\t\t\t<div class=\"elementor-column elementor-col-33 elementor-top-column elementor-element elementor-element-60101d7f\" data-id=\"60101d7f\" data-element_type=\"column\">\n\t\t\t<div class=\"elementor-widget-wrap elementor-element-populated\">\n\t\t\t\t\t\t\t\t<div data-ep-wrapper-link=\"{&quot;url&quot;:&quot;http:\\\/\\\/dogudent.com\\\/ru\\\/dr-dt-halil-berat-dogan\\\/&quot;,&quot;is_external&quot;:&quot;&quot;,&quot;nofollow&quot;:&quot;&quot;,&quot;custom_attributes&quot;:&quot;&quot;}\" style=\"cursor: pointer\" class=\"bdt-element-link elementor-element elementor-element-30a5d622 elementor-widget elementor-widget-bdt-member\" data-id=\"30a5d622\" data-element_type=\"widget\" data-widget_type=\"bdt-member.bdt-calm\">\n\t\t\t\t<div class=\"elementor-widget-container\">\n\t\t\t\t\t<div class=\"bdt-member bdt-member-skin-calm bdt-transition-toggle bdt-inline bdt-image-mask\">\n\t\t\n\t\t\t\t<div class=\"bdt-member-photo-wrapper\">\n\n\t\t\t\t\t\n\t\t\t\t\t<div class=\"bdt-member-photo\">\n\t\t\t\t\t\t<div class=\"\">\n\t\t\t\t\t\t\t<img decoding=\"async\" src=\"https:\/\/dogudent.com\/ru\/wp-content\/uploads\/2023\/04\/Dr.-Dt.-Halil-Berat-DOGAN-1.jpg\" title=\"Dr.-Dt.-Halil-Berat-DOGAN.jpg\" alt=\"Dr.-Dt.-Halil-Berat-DOGAN.jpg\" loading=\"lazy\" \/>\t\t\t\t\t\t<\/div>\n\t\t\t\t\t<\/div>\n\n\t\t\t\t<\/div>\n\n\t\t\t\n\t\t\t<div class=\"bdt-member-overlay bdt-overlay bdt-position-bottom bdt-text-center\">\n\t\t\t\t<div class=\"bdt-member-desc\">\n\t\t\t\t\t<div class=\"bdt-member-description bdt-transition-slide-bottom-small\">\n\t\t\t\t\t\t\t\t\t\t\t\t\t<span class=\"bdt-member-name\">Dr. Dt. Halil Berat DO\u011eAN<\/span>\n\t\t\t\t\t\t\n\t\t\t\t\t\t\t\t\t\t\t\t\t<span class=\"bdt-member-role\">\u041e\u0420\u0422\u041e\u0414\u041e\u041d\u0422<\/span>\n\t\t\t\t\t\t\t\t\t\t\t<\/div>\n\t\t\t\t\t\n\t\t\t\t\t\t\t\t\t\t\n\t\t\t\t<\/div>\n\t\t\t<\/div>\t\t\t\n\t\t<\/div>\n\t\t\t\t<\/div>\n\t\t\t\t<\/div>\n\t\t\t\t\t<\/div>\n\t\t<\/div>\n\t\t\t\t<div class=\"elementor-column elementor-col-33 elementor-top-column elementor-element elementor-element-706ebfce\" data-id=\"706ebfce\" data-element_type=\"column\">\n\t\t\t<div class=\"elementor-widget-wrap elementor-element-populated\">\n\t\t\t\t\t\t\t\t<div data-ep-wrapper-link=\"{&quot;url&quot;:&quot;https:\\\/\\\/dogudent.com\\\/ru\\\/dr-naime-selen-ozdemir\\\/&quot;,&quot;is_external&quot;:&quot;&quot;,&quot;nofollow&quot;:&quot;&quot;,&quot;custom_attributes&quot;:&quot;&quot;}\" style=\"cursor: pointer\" class=\"bdt-element-link elementor-element elementor-element-beed3ae elementor-widget elementor-widget-bdt-member\" data-id=\"beed3ae\" data-element_type=\"widget\" data-widget_type=\"bdt-member.bdt-calm\">\n\t\t\t\t<div class=\"elementor-widget-container\">\n\t\t\t\t\t<div class=\"bdt-member bdt-member-skin-calm bdt-transition-toggle bdt-inline bdt-image-mask\">\n\t\t\n\t\t\t\t<div class=\"bdt-member-photo-wrapper\">\n\n\t\t\t\t\t\n\t\t\t\t\t<div class=\"bdt-member-photo\">\n\t\t\t\t\t\t<div class=\"\">\n\t\t\t\t\t\t\t<img decoding=\"async\" src=\"https:\/\/dogudent.com\/ru\/wp-content\/uploads\/2023\/11\/Dr.-Naime-Selen-OZDEMIR.jpg\" title=\"Dr.-Naime-Selen-OZDEMIR\" alt=\"Dr.-Naime-Selen-OZDEMIR\" loading=\"lazy\" \/>\t\t\t\t\t\t<\/div>\n\t\t\t\t\t<\/div>\n\n\t\t\t\t<\/div>\n\n\t\t\t\n\t\t\t<div class=\"bdt-member-overlay bdt-overlay bdt-position-bottom bdt-text-center\">\n\t\t\t\t<div class=\"bdt-member-desc\">\n\t\t\t\t\t<div class=\"bdt-member-description bdt-transition-slide-bottom-small\">\n\t\t\t\t\t\t\t\t\t\t\t\t\t<span class=\"bdt-member-name\">Dr. Naime Selen \u00d6ZDEM\u0130R<\/span>\n\t\t\t\t\t\t\n\t\t\t\t\t\t\t\t\t\t\t\t\t<span class=\"bdt-member-role\">\u041f\u0435\u0434\u043e\u0434\u043e\u043d\u0442\u0438\u044f<\/span>\n\t\t\t\t\t\t\t\t\t\t\t<\/div>\n\t\t\t\t\t\n\t\t\t\t\t\t\t\t\t\t\n\t\t\t\t<\/div>\n\t\t\t<\/div>\t\t\t\n\t\t<\/div>\n\t\t\t\t<\/div>\n\t\t\t\t<\/div>\n\t\t\t\t\t<\/div>\n\t\t<\/div>\n\t\t\t\t<div class=\"elementor-column elementor-col-33 elementor-top-column elementor-element elementor-element-45d503bc\" data-id=\"45d503bc\" data-element_type=\"column\">\n\t\t\t<div class=\"elementor-widget-wrap elementor-element-populated\">\n\t\t\t\t\t\t\t\t<div data-ep-wrapper-link=\"{&quot;url&quot;:&quot;https:\\\/\\\/dogudent.com\\\/ru\\\/dr-oguzhan-tunc\\\/&quot;,&quot;is_external&quot;:&quot;&quot;,&quot;nofollow&quot;:&quot;&quot;,&quot;custom_attributes&quot;:&quot;&quot;}\" style=\"cursor: pointer\" class=\"bdt-element-link elementor-element elementor-element-fc26b87 elementor-widget elementor-widget-bdt-member\" data-id=\"fc26b87\" data-element_type=\"widget\" data-widget_type=\"bdt-member.bdt-calm\">\n\t\t\t\t<div class=\"elementor-widget-container\">\n\t\t\t\t\t<div class=\"bdt-member bdt-member-skin-calm bdt-transition-toggle bdt-inline bdt-image-mask\">\n\t\t\n\t\t\t\t<div class=\"bdt-member-photo-wrapper\">\n\n\t\t\t\t\t\n\t\t\t\t\t<div class=\"bdt-member-photo\">\n\t\t\t\t\t\t<div class=\"\">\n\t\t\t\t\t\t\t<img decoding=\"async\" src=\"https:\/\/dogudent.com\/ru\/wp-content\/uploads\/2023\/11\/Dr.-Oguzhan-TUNC.jpg\" title=\"Dr.-Oguzhan-TUNC\" alt=\"Dr.-Oguzhan-TUNC\" loading=\"lazy\" \/>\t\t\t\t\t\t<\/div>\n\t\t\t\t\t<\/div>\n\n\t\t\t\t<\/div>\n\n\t\t\t\n\t\t\t<div class=\"bdt-member-overlay bdt-overlay bdt-position-bottom bdt-text-center\">\n\t\t\t\t<div class=\"bdt-member-desc\">\n\t\t\t\t\t<div class=\"bdt-member-description bdt-transition-slide-bottom-small\">\n\t\t\t\t\t\t\t\t\t\t\t\t\t<span class=\"bdt-member-name\">Dr. O\u011fuzhan TUN\u00c7<\/span>\n\t\t\t\t\t\t\n\t\t\t\t\t\t\t\t\t\t\t\t\t<span class=\"bdt-member-role\">\u0427\u0435\u043b\u044e\u0441\u0442\u043d\u043e-\u043b\u0438\u0446\u0435\u0432\u0430\u044f \u0445\u0438\u0440\u0443\u0440\u0433\u0438\u044f<\/span>\n\t\t\t\t\t\t\t\t\t\t\t<\/div>\n\t\t\t\t\t\n\t\t\t\t\t\t\t\t\t\t\n\t\t\t\t<\/div>\n\t\t\t<\/div>\t\t\t\n\t\t<\/div>\n\t\t\t\t<\/div>\n\t\t\t\t<\/div>\n\t\t\t\t\t<\/div>\n\t\t<\/div>\n\t\t\t\t\t\t\t<\/div>\n\t\t<\/section>\n\t\t\t\t<section data-particle_enable=\"false\" data-particle-mobile-disabled=\"false\" class=\"elementor-section elementor-top-section elementor-element elementor-element-3ef4486a elementor-section-boxed elementor-section-height-default elementor-section-height-default\" data-id=\"3ef4486a\" data-element_type=\"section\" data-settings=\"{&quot;tmea_shape_divider_top&quot;:&quot;none&quot;,&quot;tmea_shape_divider_bottom&quot;:&quot;none&quot;}\">\n\t\t\t\t\t\t<div class=\"elementor-container elementor-column-gap-default\">\n\t\t\t\t\t<div class=\"elementor-column elementor-col-33 elementor-top-column elementor-element elementor-element-3236a6e5\" data-id=\"3236a6e5\" data-element_type=\"column\">\n\t\t\t<div class=\"elementor-widget-wrap elementor-element-populated\">\n\t\t\t\t\t\t\t\t<div class=\"elementor-element elementor-element-b94ad66 elementor-widget elementor-widget-bdt-member\" data-id=\"b94ad66\" data-element_type=\"widget\" data-widget_type=\"bdt-member.bdt-calm\">\n\t\t\t\t<div class=\"elementor-widget-container\">\n\t\t\t\t\t<div class=\"bdt-member bdt-member-skin-calm bdt-transition-toggle bdt-inline bdt-image-mask\">\n\t\t\n\t\t\t\t<div class=\"bdt-member-photo-wrapper\">\n\n\t\t\t\t\t\n\t\t\t\t\t<div class=\"bdt-member-photo\">\n\t\t\t\t\t\t<div class=\"\">\n\t\t\t\t\t\t\t<img decoding=\"async\" src=\"https:\/\/www.dogudent.com\/wp-content\/uploads\/2023\/10\/Dr.-Oguzhan-TUNC.jpg\" title=\"\" alt=\"\" loading=\"lazy\" \/>\t\t\t\t\t\t<\/div>\n\t\t\t\t\t<\/div>\n\n\t\t\t\t<\/div>\n\n\t\t\t\n\t\t\t<div class=\"bdt-member-overlay bdt-overlay bdt-position-bottom bdt-text-center\">\n\t\t\t\t<div class=\"bdt-member-desc\">\n\t\t\t\t\t<div class=\"bdt-member-description bdt-transition-slide-bottom-small\">\n\t\t\t\t\t\t\t\t\t\t\t\t\t<span class=\"bdt-member-name\">Dr. O\u011fuzhan TUN\u00c7<\/span>\n\t\t\t\t\t\t\n\t\t\t\t\t\t\t\t\t\t\t\t\t<span class=\"bdt-member-role\">\u0421\u0442\u043e\u043c\u0430\u0442\u043e\u043b\u043e\u0433<\/span>\n\t\t\t\t\t\t\t\t\t\t\t<\/div>\n\t\t\t\t\t\n\t\t\t\t\t\t\t\t\t\t\n\t\t\t\t<\/div>\n\t\t\t<\/div>\t\t\t\n\t\t<\/div>\n\t\t\t\t<\/div>\n\t\t\t\t<\/div>\n\t\t\t\t\t<\/div>\n\t\t<\/div>\n\t\t\t\t<div class=\"elementor-column elementor-col-33 elementor-top-column elementor-element elementor-element-64a30b2d\" data-id=\"64a30b2d\" data-element_type=\"column\">\n\t\t\t<div class=\"elementor-widget-wrap elementor-element-populated\">\n\t\t\t\t\t\t\t\t<div class=\"elementor-element elementor-element-758a2e0 elementor-widget elementor-widget-bdt-member\" data-id=\"758a2e0\" data-element_type=\"widget\" data-widget_type=\"bdt-member.bdt-calm\">\n\t\t\t\t<div class=\"elementor-widget-container\">\n\t\t\t\t\t<div class=\"bdt-member bdt-member-skin-calm bdt-transition-toggle bdt-inline bdt-image-mask\">\n\t\t\n\t\t\t\t<div class=\"bdt-member-photo-wrapper\">\n\n\t\t\t\t\t\n\t\t\t\t\t<div class=\"bdt-member-photo\">\n\t\t\t\t\t\t<div class=\"\">\n\t\t\t\t\t\t\t<img decoding=\"async\" src=\"https:\/\/www.dogudent.com\/wp-content\/uploads\/2024\/01\/Dt.-Eda-Hasgul.jpg\" title=\"\" alt=\"\" loading=\"lazy\" \/>\t\t\t\t\t\t<\/div>\n\t\t\t\t\t<\/div>\n\n\t\t\t\t<\/div>\n\n\t\t\t\n\t\t\t<div class=\"bdt-member-overlay bdt-overlay bdt-position-bottom bdt-text-center\">\n\t\t\t\t<div class=\"bdt-member-desc\">\n\t\t\t\t\t<div class=\"bdt-member-description bdt-transition-slide-bottom-small\">\n\t\t\t\t\t\t\t\t\t\t\t\t\t<span class=\"bdt-member-name\">Dt. Eda Hasg\u00fcl<\/span>\n\t\t\t\t\t\t\n\t\t\t\t\t\t\t\t\t\t\t\t\t<span class=\"bdt-member-role\">\u0421\u0442\u043e\u043c\u0430\u0442\u043e\u043b\u043e\u0433<\/span>\n\t\t\t\t\t\t\t\t\t\t\t<\/div>\n\t\t\t\t\t\n\t\t\t\t\t\t\t\t\t\t\n\t\t\t\t<\/div>\n\t\t\t<\/div>\t\t\t\n\t\t<\/div>\n\t\t\t\t<\/div>\n\t\t\t\t<\/div>\n\t\t\t\t\t<\/div>\n\t\t<\/div>\n\t\t\t\t<div class=\"elementor-column elementor-col-33 elementor-top-column elementor-element elementor-element-5e48e96a\" data-id=\"5e48e96a\" data-element_type=\"column\">\n\t\t\t<div class=\"elementor-widget-wrap elementor-element-populated\">\n\t\t\t\t\t\t\t\t<div class=\"elementor-element elementor-element-04260a6 elementor-widget elementor-widget-bdt-member\" data-id=\"04260a6\" data-element_type=\"widget\" data-widget_type=\"bdt-member.bdt-calm\">\n\t\t\t\t<div class=\"elementor-widget-container\">\n\t\t\t\t\t<div class=\"bdt-member bdt-member-skin-calm bdt-transition-toggle bdt-inline bdt-image-mask\">\n\t\t\n\t\t\t\t<div class=\"bdt-member-photo-wrapper\">\n\n\t\t\t\t\t\n\t\t\t\t\t<div class=\"bdt-member-photo\">\n\t\t\t\t\t\t<div class=\"\">\n\t\t\t\t\t\t\t<img decoding=\"async\" src=\"https:\/\/www.dogudent.com\/wp-content\/uploads\/2024\/02\/Zeynep-Ipek-SOZEN-UCA.jpg\" title=\"\" alt=\"\" loading=\"lazy\" \/>\t\t\t\t\t\t<\/div>\n\t\t\t\t\t<\/div>\n\n\t\t\t\t<\/div>\n\n\t\t\t\n\t\t\t<div class=\"bdt-member-overlay bdt-overlay bdt-position-bottom bdt-text-center\">\n\t\t\t\t<div class=\"bdt-member-desc\">\n\t\t\t\t\t<div class=\"bdt-member-description bdt-transition-slide-bottom-small\">\n\t\t\t\t\t\t\t\t\t\t\t\t\t<span class=\"bdt-member-name\">Dt. Zeynep \u0130pek S\u00d6ZEN U\u00c7A<\/span>\n\t\t\t\t\t\t\n\t\t\t\t\t\t\t\t\t\t\t\t\t<span class=\"bdt-member-role\">\u0421\u0442\u043e\u043c\u0430\u0442\u043e\u043b\u043e\u0433<\/span>\n\t\t\t\t\t\t\t\t\t\t\t<\/div>\n\t\t\t\t\t\n\t\t\t\t\t\t\t\t\t\t\n\t\t\t\t<\/div>\n\t\t\t<\/div>\t\t\t\n\t\t<\/div>\n\t\t\t\t<\/div>\n\t\t\t\t<\/div>\n\t\t\t\t\t<\/div>\n\t\t<\/div>\n\t\t\t\t\t\t\t<\/div>\n\t\t<\/section>\n\t\t\t\t<section data-particle_enable=\"false\" data-particle-mobile-disabled=\"false\" class=\"elementor-section elementor-top-section elementor-element elementor-element-21700fd elementor-section-boxed elementor-section-height-default elementor-section-height-default\" data-id=\"21700fd\" data-element_type=\"section\" data-settings=\"{&quot;tmea_shape_divider_top&quot;:&quot;none&quot;,&quot;tmea_shape_divider_bottom&quot;:&quot;none&quot;}\">\n\t\t\t\t\t\t<div class=\"elementor-container elementor-column-gap-default\">\n\t\t\t\t\t<div class=\"elementor-column elementor-col-33 elementor-top-column elementor-element elementor-element-3282217\" data-id=\"3282217\" data-element_type=\"column\">\n\t\t\t<div class=\"elementor-widget-wrap elementor-element-populated\">\n\t\t\t\t\t\t\t\t<div class=\"elementor-element elementor-element-fd65a55 elementor-widget elementor-widget-bdt-member\" data-id=\"fd65a55\" data-element_type=\"widget\" data-widget_type=\"bdt-member.bdt-calm\">\n\t\t\t\t<div class=\"elementor-widget-container\">\n\t\t\t\t\t<div class=\"bdt-member bdt-member-skin-calm bdt-transition-toggle bdt-inline bdt-image-mask\">\n\t\t\n\t\t\t\t<div class=\"bdt-member-photo-wrapper\">\n\n\t\t\t\t\t\n\t\t\t\t\t<div class=\"bdt-member-photo\">\n\t\t\t\t\t\t<div class=\"\">\n\t\t\t\t\t\t\t<img decoding=\"async\" src=\"https:\/\/dogudent.com\/ru\/wp-content\/uploads\/2023\/04\/Klinik-Koordinatoru-Nuray-IMAMOGLU-1.jpg\" title=\"Klinik-Koordinatoru-Nuray-IMAMOGLU.jpg\" alt=\"Klinik-Koordinatoru-Nuray-IMAMOGLU.jpg\" loading=\"lazy\" \/>\t\t\t\t\t\t<\/div>\n\t\t\t\t\t<\/div>\n\n\t\t\t\t<\/div>\n\n\t\t\t\n\t\t\t<div class=\"bdt-member-overlay bdt-overlay bdt-position-bottom bdt-text-center\">\n\t\t\t\t<div class=\"bdt-member-desc\">\n\t\t\t\t\t<div class=\"bdt-member-description bdt-transition-slide-bottom-small\">\n\t\t\t\t\t\t\t\t\t\t\t\t\t<span class=\"bdt-member-name\">Nuray \u0130MAMO\u011eLU<\/span>\n\t\t\t\t\t\t\n\t\t\t\t\t\t\t\t\t\t\t\t\t<span class=\"bdt-member-role\">\u041a\u041e\u041e\u0420\u0414\u0418\u041d\u0410\u0422\u041e\u0420 \u041a\u041b\u0418\u041d\u0418\u041a\u0418 | UMRANIYE<\/span>\n\t\t\t\t\t\t\t\t\t\t\t<\/div>\n\t\t\t\t\t\n\t\t\t\t\t\t\t\t\t\t\n\t\t\t\t<\/div>\n\t\t\t<\/div>\t\t\t\n\t\t<\/div>\n\t\t\t\t<\/div>\n\t\t\t\t<\/div>\n\t\t\t\t\t<\/div>\n\t\t<\/div>\n\t\t\t\t<div class=\"elementor-column elementor-col-33 elementor-top-column elementor-element elementor-element-4ffb654\" data-id=\"4ffb654\" data-element_type=\"column\">\n\t\t\t<div class=\"elementor-widget-wrap elementor-element-populated\">\n\t\t\t\t\t\t\t\t<div data-ep-wrapper-link=\"{&quot;url&quot;:&quot;http:\\\/\\\/dogudent.com\\\/ru\\\/volkan-ozturk\\\/&quot;,&quot;is_external&quot;:&quot;&quot;,&quot;nofollow&quot;:&quot;&quot;,&quot;custom_attributes&quot;:&quot;&quot;}\" style=\"cursor: pointer\" class=\"bdt-element-link elementor-element elementor-element-c5abcc2 elementor-widget elementor-widget-bdt-member\" data-id=\"c5abcc2\" data-element_type=\"widget\" data-widget_type=\"bdt-member.bdt-calm\">\n\t\t\t\t<div class=\"elementor-widget-container\">\n\t\t\t\t\t<div class=\"bdt-member bdt-member-skin-calm bdt-transition-toggle bdt-inline bdt-image-mask\">\n\t\t\n\t\t\t\t<div class=\"bdt-member-photo-wrapper\">\n\n\t\t\t\t\t\n\t\t\t\t\t<div class=\"bdt-member-photo\">\n\t\t\t\t\t\t<div class=\"\">\n\t\t\t\t\t\t\t<img decoding=\"async\" src=\"https:\/\/www.dogudent.com\/wp-content\/uploads\/2025\/04\/Ayhan-firatjpg.jpg\" title=\"\" alt=\"\" loading=\"lazy\" \/>\t\t\t\t\t\t<\/div>\n\t\t\t\t\t<\/div>\n\n\t\t\t\t<\/div>\n\n\t\t\t\n\t\t\t<div class=\"bdt-member-overlay bdt-overlay bdt-position-bottom bdt-text-center\">\n\t\t\t\t<div class=\"bdt-member-desc\">\n\t\t\t\t\t<div class=\"bdt-member-description bdt-transition-slide-bottom-small\">\n\t\t\t\t\t\t\t\t\t\t\t\t\t<span class=\"bdt-member-name\">Ayhan FIRAT <\/span>\n\t\t\t\t\t\t\n\t\t\t\t\t\t\t\t\t\t\t\t\t<span class=\"bdt-member-role\">\u0413\u0415\u041d\u0415\u0420\u0410\u041b\u042c\u041d\u042b\u0419 \u041a\u041e\u041e\u0420\u0414\u0418\u041d\u0410\u0422\u041e\u0420<\/span>\n\t\t\t\t\t\t\t\t\t\t\t<\/div>\n\t\t\t\t\t\n\t\t\t\t\t\t\t\t\t\t\n\t\t\t\t<\/div>\n\t\t\t<\/div>\t\t\t\n\t\t<\/div>\n\t\t\t\t<\/div>\n\t\t\t\t<\/div>\n\t\t\t\t\t<\/div>\n\t\t<\/div>\n\t\t\t\t<div class=\"elementor-column elementor-col-33 elementor-top-column elementor-element elementor-element-04ae357\" data-id=\"04ae357\" data-element_type=\"column\">\n\t\t\t<div class=\"elementor-widget-wrap\">\n\t\t\t\t\t\t\t\t\t<\/div>\n\t\t<\/div>\n\t\t\t\t\t\t\t<\/div>\n\t\t<\/section>\n\t\t\t\t\t\t\t<\/div>\n\t\t","protected":false},"excerpt":{"rendered":"<p>Uzm. Dr. Do\u011fuhan TA\u015eCI \u0421\u0422\u041e\u041c\u0410\u0422\u041e\u041b\u041e\u0413-\u0425\u0418\u0420\u0423\u0420\u0413 Dt. Mehtap KARAKAYA \u0414\u0410\u041d\u0422\u0418\u0421\u0422 Dr. Dt. Simay AYDEM\u0130R BATIRER \u0414\u0410\u041d\u0422\u0418\u0421\u0422 Dr. Dt. Halil Berat DO\u011eAN \u041e\u0420\u0422\u041e\u0414\u041e\u041d\u0422 Dr. Naime Selen \u00d6ZDEM\u0130R \u041f\u0435\u0434\u043e\u0434\u043e\u043d\u0442\u0438\u044f Dr. O\u011fuzhan TUN\u00c7 \u0427\u0435\u043b\u044e\u0441\u0442\u043d\u043e-\u043b\u0438\u0446\u0435\u0432\u0430\u044f \u0445\u0438\u0440\u0443\u0440\u0433\u0438\u044f Dr. O\u011fuzhan TUN\u00c7 \u0421\u0442\u043e\u043c\u0430\u0442\u043e\u043b\u043e\u0433 Dt. Eda Hasg\u00fcl \u0421\u0442\u043e\u043c\u0430\u0442\u043e\u043b\u043e\u0433 Dt. Zeynep \u0130pek S\u00d6ZEN U\u00c7A \u0421\u0442\u043e\u043c\u0430\u0442\u043e\u043b\u043e\u0433 Nuray \u0130MAMO\u011eLU \u041a\u041e\u041e\u0420\u0414\u0418\u041d\u0410\u0422\u041e\u0420 \u041a\u041b\u0418\u041d\u0418\u041a\u0418 | UMRANIYE Ayhan FIRAT \u0413\u0415\u041d\u0415\u0420\u0410\u041b\u042c\u041d\u042b\u0419 \u041a\u041e\u041e\u0420\u0414\u0418\u041d\u0410\u0422\u041e\u0420<\/p>\n","protected":false},"author":1,"featured_media":0,"parent":0,"menu_order":0,"comment_status":"closed","ping_status":"closed","template":"","meta":{"footnotes":""},"class_list":["post-415","page","type-page","status-publish","hentry"],"_links":{"self":[{"href":"https:\/\/dogudent.com\/ru\/wp-json\/wp\/v2\/pages\/415","targetHints":{"allow":["GET"]}}],"collection":[{"href":"https:\/\/dogudent.com\/ru\/wp-json\/wp\/v2\/pages"}],"about":[{"href":"https:\/\/dogudent.com\/ru\/wp-json\/wp\/v2\/types\/page"}],"author":[{"embeddable":true,"href":"https:\/\/dogudent.com\/ru\/wp-json\/wp\/v2\/users\/1"}],"replies":[{"embeddable":true,"href":"https:\/\/dogudent.com\/ru\/wp-json\/wp\/v2\/comments?post=415"}],"version-history":[{"count":15,"href":"https:\/\/dogudent.com\/ru\/wp-json\/wp\/v2\/pages\/415\/revisions"}],"predecessor-version":[{"id":4517,"href":"https:\/\/dogudent.com\/ru\/wp-json\/wp\/v2\/pages\/415\/revisions\/4517"}],"wp:attachment":[{"href":"https:\/\/dogudent.com\/ru\/wp-json\/wp\/v2\/media?parent=415"}],"curies":[{"name":"wp","href":"https:\/\/api.w.org\/{rel}","templated":true}]}}